{"id":6664,"date":"2016-07-04T18:25:08","date_gmt":"2016-07-04T18:25:08","guid":{"rendered":"http:\/\/fdp.typografics.online\/welkom\/"},"modified":"2017-08-07T10:33:39","modified_gmt":"2017-08-07T08:33:39","slug":"welkom","status":"publish","type":"page","link":"https:\/\/www.frateurdepourcq.be\/fr\/","title":{"rendered":"Bienvenue"},"content":{"rendered":"<section class=\"wpb-content-wrapper\"><p>[vc_row type=\u00a0\u00bbfull_width_content\u00a0\u00bb text_color=\u00a0\u00bblight\u00a0\u00bb][vc_column width=\u00a0\u00bb1\/3&Prime; column_padding=\u00a0\u00bb10%\u00a0\u00bb background_color=\u00a0\u00bbrgba(0,120,191,0.9)\u00a0\u00bb][services_medium title=\u00a0\u00bbPassion\u00a0\u00bb style=\u00a0\u00bbstyle_2&Prime; icon=\u00a0\u00bbsteadysets-icon-heart\u00a0\u00bb icon_color=\u00a0\u00bb#ffffff\u00a0\u00bb]<\/p>\n<p class=\"p1\"><span class=\"s1\">La passion pour le rail se transmet de g\u00e9n\u00e9ration en g\u00e9n\u00e9ration et se manifeste dans une \u00e9quipe exp\u00e9riment\u00e9e, motiv\u00e9e et sp\u00e9cialis\u00e9e. La passion est le moteur intrins\u00e8que du succ\u00e8s.<\/span><\/p>\n<p>[\/services_medium][\/vc_column][vc_column width=\u00a0\u00bb1\/3&Prime; column_padding=\u00a0\u00bb10%\u00a0\u00bb background_color=\u00a0\u00bbrgba(0,120,191,0.79)\u00a0\u00bb][services_medium title=\u00a0\u00bbInnovation\u00a0\u00bb style=\u00a0\u00bbstyle_2&Prime; icon=\u00a0\u00bblinecon-icon-bulb\u00a0\u00bb icon_color=\u00a0\u00bb#ffffff\u00a0\u00bb]<\/p>\n<p class=\"p1\"><span class=\"s1\">\u00c0 une \u00e9poque caract\u00e9ris\u00e9e par une \u00e9volution technologique en croissance rapide, nous sommes \u00e0 tout moment \u00e0 la recherche de syst\u00e8mes de rails et de techniques de construction novateurs. En outre, nous participons \u00e0 des projets de recherche europ\u00e9ens.<\/span><\/p>\n<p>[\/services_medium][\/vc_column][vc_column width=\u00a0\u00bb1\/3&Prime; column_padding=\u00a0\u00bb10%\u00a0\u00bb background_color=\u00a0\u00bb#0078bf\u00a0\u00bb][services_medium title=\u00a0\u00bbDurabilit\u00e9\u00a0\u00bb style=\u00a0\u00bbstyle_2&Prime; icon=\u00a0\u00bbmoon-leaf-2&Prime; icon_color=\u00a0\u00bb#ffffff\u00a0\u00bb]<\/p>\n<p class=\"p1\"><span class=\"s1\">FDP s&rsquo;efforce en tout moment de choisir la solution durable. Cela se refl\u00e8te dans la conception et l\u2019utilisation de syst\u00e8mes ferroviaires et de produits de construction qualitatifs et durables, avec une empreinte environnementale minimale.<\/span><\/p>\n<p>[\/services_medium][\/vc_column][\/vc_row][vc_row type=\u00a0\u00bbfull_width_background\u00a0\u00bb bg_image=\u00a0\u00bb6162&Prime; bg_position=\u00a0\u00bbcenter center\u00a0\u00bb parallax_bg=\u00a0\u00bbtrue\u00a0\u00bb top_padding=\u00a0\u00bb90&Prime; bottom_padding=\u00a0\u00bb60&Prime;][vc_column][vc_custom_heading text=\u00a0\u00bbFDP est le fier propri\u00e9taire<br \/>\n\u00a0\u00bb font_container=\u00a0\u00bbtag:h2|font_size:14px|text_align:center|color:%23b3b3b3|line_height:30px\u00a0\u00bb google_fonts=\u00a0\u00bbfont_family:Lato%3A100%2C100italic%2C300%2C300italic%2Cregular%2Citalic%2C700%2C700italic%2C900%2C900italic|font_style:400%20regular%3A400%3Anormal\u00a0\u00bb][block_title inner_style_title=\u00a0\u00bbonly_text\u00a0\u00bb padding_desc=\u00a0\u00bb9%\u00a0\u00bb title=\u00a0\u00bbD\u2019UN ATELIER UNIQUE\u00a0\u00bb]<a href=\"\/?page_id=3581#atelier\">pour la r\u00e9alisation d&rsquo;aiguillages, des travers\u00e9es et d\u2019autres accessoires pour les voies<br \/>\n<\/a>[\/block_title][vc_empty_space height=\u00a0\u00bb120px\u00a0\u00bb][button title=\u00a0\u00bbNotre atelier\u00a0\u00bb link=\u00a0\u00bb\/fr\/qui-sommes-nous\/que-faisons-nous\/\u00a0\u00bb icon=\u00a0\u00bblinea-arrows-right\u00a0\u00bb align=\u00a0\u00bbcenter\u00a0\u00bb][\/vc_column][\/vc_row][vc_row type=\u00a0\u00bbfull_width_background\u00a0\u00bb bg_color=\u00a0\u00bb#f6f6f6&Prime; top_padding=\u00a0\u00bb90&Prime; bottom_padding=\u00a0\u00bb40&Prime;][vc_column width=\u00a0\u00bb1\/2&Prime;][block_title style=\u00a0\u00bbcolumn_title\u00a0\u00bb title=\u00a0\u00bbLa passion pour le rail est transmise de g\u00e9n\u00e9ration en g\u00e9n\u00e9ration\u00a0\u00bb second_title=\u00a0\u00bbDepuis des d\u00e9cennies, l\u2019entreprise familiale SA Frateur &#8211; De Pourcq construit et entretient des voies ferr\u00e9es pour les trains, les trams et les m\u00e9tros. Les projets portant sur les voies de roulement rel\u00e8vent aussi de notre expertise.\u00a0\u00bb][\/block_title][vc_column_text]<\/p>\n<p class=\"p1\"><span class=\"s1\">SA\u00a0Frateur &#8211; De Pourcq est un partenaire fiable et exp\u00e9riment\u00e9 pour les projets de construction de voies ferr\u00e9es. En collaboration avec notre client, nous recherchons une solution adapt\u00e9e et efficace pour la construction d\u2019une infrastructure de rails s\u00e9curitaire, fiable et durable.<\/span><\/p>\n<p>[\/vc_column_text][button title=\u00a0\u00bb\u00c0 propos de FDP\u00a0\u00bb link=\u00a0\u00bb\/fr\/qui-sommes-nous\u00a0\u00bb icon=\u00a0\u00bblinea-arrows-right\u00a0\u00bb][\/vc_column][vc_column width=\u00a0\u00bb1\/2&Prime;][vc_video link=\u00a0\u00bbhttps:\/\/youtu.be\/h7QXp6G-bK4&Prime; align=\u00a0\u00bbcenter\u00a0\u00bb][\/vc_column][\/vc_row][vc_row full_width=\u00a0\u00bbstretch_row_content_no_spaces\u00a0\u00bb type=\u00a0\u00bbfull_width_content\u00a0\u00bb][vc_column css=\u00a0\u00bb.vc_custom_1499077690038{padding-right: 5px !important;padding-left: 5px !important;}\u00a0\u00bb][recent_portfolio space=\u00a0\u00bbno_space\u00a0\u00bb columns=\u00a0\u00bb4&Prime; rows=\u00a0\u00bb2&Prime;][\/vc_column][\/vc_row][vc_row type=\u00a0\u00bbfull_width_background\u00a0\u00bb bg_color=\u00a0\u00bb#0078bf\u00a0\u00bb top_padding=\u00a0\u00bb10&Prime; bottom_padding=\u00a0\u00bb10&Prime;][vc_column][clients dark_light=\u00a0\u00bblight\u00a0\u00bb][\/vc_column][\/vc_row][vc_row][vc_column][block_title padding_desc=\u00a0\u00bb20%\u00a0\u00bb title=\u00a0\u00bbNouveaut\u00e9s\u00a0\u00bb]Lis les nouveaut\u00e9s et sois inspir\u00e9![\/block_title][latest_blog][\/vc_column][\/vc_row]<\/p>\n<\/section>","protected":false},"excerpt":{"rendered":"<p>[vc_row type=\u00a0\u00bbfull_width_content\u00a0\u00bb text_color=\u00a0\u00bblight\u00a0\u00bb][vc_column width=\u00a0\u00bb1\/3&Prime; column_padding=\u00a0\u00bb10%\u00a0\u00bb background_color=\u00a0\u00bbrgba(0,120,191,0.9)\u00a0\u00bb][services_medium title=\u00a0\u00bbPassion\u00a0\u00bb style=\u00a0\u00bbstyle_2&Prime; icon=\u00a0\u00bbsteadysets-icon-heart\u00a0\u00bb icon_color=\u00a0\u00bb#ffffff\u00a0\u00bb] La passion pour le rail se transmet de g\u00e9n\u00e9ration en g\u00e9n\u00e9ration et se manifeste dans une \u00e9quipe exp\u00e9riment\u00e9e, motiv\u00e9e et sp\u00e9cialis\u00e9e. La passion est le moteur intrins\u00e8que du succ\u00e8s. [\/services_medium][\/vc_column][vc_column width=\u00a0\u00bb1\/3&Prime; column_padding=\u00a0\u00bb10%\u00a0\u00bb background_color=\u00a0\u00bbrgba(0,120,191,0.79)\u00a0\u00bb][services_medium title=\u00a0\u00bbInnovation\u00a0\u00bb style=\u00a0\u00bbstyle_2&Prime; icon=\u00a0\u00bblinecon-icon-bulb\u00a0\u00bb icon_color=\u00a0\u00bb#ffffff\u00a0\u00bb] \u00c0 une \u00e9poque caract\u00e9ris\u00e9e par une \u00e9volution technologique [&hellip;]<\/p>\n","protected":false},"author":1,"featured_media":0,"parent":0,"menu_order":0,"comment_status":"closed","ping_status":"closed","template":"","meta":[],"_links":{"self":[{"href":"https:\/\/www.frateurdepourcq.be\/fr\/wp-json\/wp\/v2\/pages\/6664"}],"collection":[{"href":"https:\/\/www.frateurdepourcq.be\/fr\/wp-json\/wp\/v2\/pages"}],"about":[{"href":"https:\/\/www.frateurdepourcq.be\/fr\/wp-json\/wp\/v2\/types\/page"}],"author":[{"embeddable":true,"href":"https:\/\/www.frateurdepourcq.be\/fr\/wp-json\/wp\/v2\/users\/1"}],"replies":[{"embeddable":true,"href":"https:\/\/www.frateurdepourcq.be\/fr\/wp-json\/wp\/v2\/comments?post=6664"}],"version-history":[{"count":5,"href":"https:\/\/www.frateurdepourcq.be\/fr\/wp-json\/wp\/v2\/pages\/6664\/revisions"}],"predecessor-version":[{"id":7003,"href":"https:\/\/www.frateurdepourcq.be\/fr\/wp-json\/wp\/v2\/pages\/6664\/revisions\/7003"}],"wp:attachment":[{"href":"https:\/\/www.frateurdepourcq.be\/fr\/wp-json\/wp\/v2\/media?parent=6664"}],"curies":[{"name":"wp","href":"https:\/\/api.w.org\/{rel}","templated":true}]}}