{"id":6669,"date":"2016-05-10T13:01:10","date_gmt":"2016-05-10T13:01:10","guid":{"rendered":"http:\/\/fdp.typografics.online\/wie-zijn-wij\/"},"modified":"2017-12-07T11:48:20","modified_gmt":"2017-12-07T10:48:20","slug":"qui-sommes-nous","status":"publish","type":"page","link":"https:\/\/www.frateurdepourcq.be\/fr\/qui-sommes-nous\/","title":{"rendered":"Qui sommes-nous"},"content":{"rendered":"<section class=\"wpb-content-wrapper\"><p>[vc_row type=\u00a0\u00bbfull_width_background\u00a0\u00bb bg_color=\u00a0\u00bb#0078bf\u00a0\u00bb text_color=\u00a0\u00bblight\u00a0\u00bb][vc_column][block_title style=\u00a0\u00bbcolumn_title\u00a0\u00bb title=\u00a0\u00bb\u00c0 propos de Frateur &#8211; De Pourcq\u00a0\u00bb][\/block_title][vc_column_text el_class=\u00a0\u00bb.whitelink\u00a0\u00bb]<\/p>\n<p class=\"p1\"><span class=\"s1\"><a href=\"\/fr\/histoire\">Depuis 1887<\/a>, notre organisation a consolid\u00e9 une solide position nationale et internationale comme entrepreneur pour la construction de voies de chemin de fer, de tram et de m\u00e9tro. Nous sommes \u00e9galement sp\u00e9cialis\u00e9s dans la construction de voies de roulement et de voies de transport pour l\u2019industrie. Tout ce qui est en rapport avec les rails, grand ou petit, rel\u00e8ve de nos activit\u00e9s\u00a0: depuis la fabrication et la vente de mat\u00e9riaux pour les rails, la recherche et le d\u00e9veloppement de syst\u00e8mes de tram, en passant par la pose, le remplacement et l&rsquo;entretien de voies pour les chemins de fer, les trams et les m\u00e9tros, ainsi que de voies de roulement.<\/span><\/p>\n<p class=\"p1\"><span class=\"s1\">La passion pour le rail s&rsquo;est transmise de g\u00e9n\u00e9ration en g\u00e9n\u00e9ration et se manifeste dans une \u00e9quipe motiv\u00e9e et sp\u00e9cialis\u00e9e qui s&rsquo;efforce, jour apr\u00e8s jour, de r\u00e9aliser notre mission.<\/span><\/p>\n<p>[\/vc_column_text][\/vc_column][\/vc_row][vc_row][vc_column][services_media title=\u00a0\u00bbNotre \u00e9quipe\u00a0\u00bb photo=\u00a0\u00bb6481&Prime; style=\u00a0\u00bbstyle_2&Prime; shadow=\u00a0\u00bbno\u00a0\u00bb link=\u00a0\u00bb\u00a0\u00bb][\/services_media][\/vc_column][\/vc_row][vc_row][vc_column width=\u00a0\u00bb1\/2&Prime;][block_title style=\u00a0\u00bbcolumn_title\u00a0\u00bb inner_style=\u00a0\u00bbinline_border_circle\u00a0\u00bb title=\u00a0\u00bbTout sur les rails gr\u00e2ce au travail d\u2019\u00e9quipe, \u00e0 la passion, \u00e0 l\u2019innovation et \u00e0 la durabilit\u00e9\u00a0\u00bb second_title=\u00a0\u00bbNotre entreprise est active depuis de nombreuses ann\u00e9es, mais nous essayons toutefois de rester sur les rails en nous adaptant \u00e0 notre march\u00e9. Nous tenons \u00e0 rester un pr\u00e9curseur en ce qui concerne les d\u00e9fis du secteur, les (nouvelles) attentes des clients et les \u00e9volutions techniques.\u00a0\u00bb][\/block_title][vc_column_text]<\/p>\n<p class=\"p1\"><span class=\"s1\">Pour SA\u00a0Frateur &#8211; De Pourcq, la qualit\u00e9 est une priorit\u00e9 absolue pour tout ce qui concerne l\u2019organisation, qu\u2019il s\u2019agisse du plus grand client, du plus petit fournisseur ou de l&rsquo;ensemble de nos travailleurs.<\/span><\/p>\n<p class=\"p1\"><span class=\"s1\">Nous accordons ainsi une grande importance \u00e0 l&rsquo;approche ax\u00e9e sur la r\u00e9solution des probl\u00e8mes, au suivi direct et \u00e0 l\u2019assistance, \u00e0 la s\u00e9curit\u00e9 et \u00e0 une communication interne et externe int\u00e8gre et transparente. Cette vision, nous tentons de la mat\u00e9rialiser par le travail d\u2019\u00e9quipe, la passion, l\u2019innovation et la durabilit\u00e9.<\/span><\/p>\n<p>[\/vc_column_text][vc_column_text]Vous trouverez <a style=\"text-decoration: underline;\" href=\"\/historiek\">ici<\/a> plus d\u2019informations sur l\u2019histoire de l\u2019entreprise familiale.[\/vc_column_text][vc_column_text]Trouvez ici notre\u00a0<span style=\"text-decoration: underline;\"><a href=\"http:\/\/fdp.typografics.online\/wp-content\/uploads\/2016\/05\/beleidsverklaring-2017.pdf\" target=\"_blank\" rel=\"noopener noreferrer\">D\u00e9claration de politique g\u00e9n\u00e9rale<\/a><\/span>.<\/p>\n<p><img decoding=\"async\" loading=\"lazy\" class=\"alignnone size-medium wp-image-7006\" src=\"https:\/\/www.frateurdepourcq.be\/wp-content\/uploads\/2016\/05\/FDP-ISO-en-VCA-labels-300x140.png\" alt=\"\" width=\"150\" height=\"70\" srcset=\"https:\/\/www.frateurdepourcq.be\/wp-content\/uploads\/2016\/05\/FDP-ISO-en-VCA-labels-300x140.png 300w, https:\/\/www.frateurdepourcq.be\/wp-content\/uploads\/2016\/05\/FDP-ISO-en-VCA-labels.png 500w\" sizes=\"(max-width: 150px) 100vw, 150px\" \/>[\/vc_column_text][\/vc_column][vc_column width=\u00a0\u00bb1\/2&Prime;][services_small title=\u00a0\u00bbTravail d\u2019\u00e9quipe\u00a0\u00bb icon=\u00a0\u00bbmoon-people\u00a0\u00bb dynamic_content_type=\u00a0\u00bbcontent\u00a0\u00bb]<\/p>\n<p class=\"p1\"><span class=\"s1\">Notre organisation cherche \u00e0 atteindre ses objectifs gr\u00e2ce \u00e0 une collaboration bas\u00e9e sur l\u2019honn\u00eatet\u00e9, la confiance, le respect, une bonne communication et la concertation.<\/span><\/p>\n<p>[\/services_small][services_small title=\u00a0\u00bbPassion\u00a0\u00bb icon=\u00a0\u00bbsteadysets-icon-heart\u00a0\u00bb dynamic_content_type=\u00a0\u00bbcontent\u00a0\u00bb]<\/p>\n<p class=\"p1\"><span class=\"s1\">La passion pour le rail se transmet de g\u00e9n\u00e9ration en g\u00e9n\u00e9ration et se manifeste dans une \u00e9quipe exp\u00e9riment\u00e9e, motiv\u00e9e et sp\u00e9cialis\u00e9e. La passion est le moteur intrins\u00e8que du succ\u00e8s.<\/span><\/p>\n<p>[\/services_small][services_small title=\u00a0\u00bbInnovation\u00a0\u00bb icon=\u00a0\u00bblinecon-icon-bulb\u00a0\u00bb dynamic_content_type=\u00a0\u00bbcontent\u00a0\u00bb]<\/p>\n<p class=\"p1\"><span class=\"s1\">\u00c0 une \u00e9poque caract\u00e9ris\u00e9e par une \u00e9volution technologique en croissance rapide, nous sommes \u00e0 tout moment \u00e0 la recherche de syst\u00e8mes de rails et de techniques de construction novateurs. En outre, nous participons \u00e0 des projets de recherche europ\u00e9ens afin d&rsquo;explorer de nouveaux d\u00e9veloppements en faveur de l\u2019homme et de l\u2019environnement, avec notre exp\u00e9rience technique de nombreuses ann\u00e9es.<\/span><\/p>\n<p>[\/services_small][services_small title=\u00a0\u00bbDurabilit\u00e9\u00a0\u00bb icon=\u00a0\u00bbmoon-leaf-2&Prime; dynamic_content_type=\u00a0\u00bbcontent\u00a0\u00bb]<\/p>\n<p class=\"p1\"><span class=\"s1\">FDP s&rsquo;efforce en tout moment de choisir la solution durable. Cela se refl\u00e8te dans la conception et l\u2019utilisation de syst\u00e8mes de rails et de produits de construction qualitatifs et durables, avec une empreinte environnementale minimale ; la gestion de nos processus de production et de construction, en tenant compte de l\u2019environnement et du milieu\u00a0; l\u2019\u00e9tablissement de relations de confiance avec nos clients\u00a0; la pr\u00e9occupation pour la formation et le d\u00e9veloppement de nos travailleurs et la cr\u00e9ation d\u2019un environnement de travail sain et s\u00e9curitaire pour nos travailleurs et nos sous-traitants.<\/span><\/p>\n<p>[\/services_small][vc_column_text]<\/p>\n<div id=\"atelier\"><\/div>\n<p>[\/vc_column_text][\/vc_column][\/vc_row]<\/p>\n<\/section>","protected":false},"excerpt":{"rendered":"<p>[vc_row type=\u00a0\u00bbfull_width_background\u00a0\u00bb bg_color=\u00a0\u00bb#0078bf\u00a0\u00bb text_color=\u00a0\u00bblight\u00a0\u00bb][vc_column][block_title style=\u00a0\u00bbcolumn_title\u00a0\u00bb title=\u00a0\u00bb\u00c0 propos de Frateur &#8211; De Pourcq\u00a0\u00bb][\/block_title][vc_column_text el_class=\u00a0\u00bb.whitelink\u00a0\u00bb] Depuis 1887, notre organisation a consolid\u00e9 une solide position nationale et internationale comme entrepreneur pour la construction de voies de chemin de fer, de tram et de m\u00e9tro. Nous sommes \u00e9galement sp\u00e9cialis\u00e9s dans la construction de voies de roulement et de voies [&hellip;]<\/p>\n","protected":false},"author":1,"featured_media":0,"parent":0,"menu_order":0,"comment_status":"closed","ping_status":"closed","template":"","meta":[],"_links":{"self":[{"href":"https:\/\/www.frateurdepourcq.be\/fr\/wp-json\/wp\/v2\/pages\/6669"}],"collection":[{"href":"https:\/\/www.frateurdepourcq.be\/fr\/wp-json\/wp\/v2\/pages"}],"about":[{"href":"https:\/\/www.frateurdepourcq.be\/fr\/wp-json\/wp\/v2\/types\/page"}],"author":[{"embeddable":true,"href":"https:\/\/www.frateurdepourcq.be\/fr\/wp-json\/wp\/v2\/users\/1"}],"replies":[{"embeddable":true,"href":"https:\/\/www.frateurdepourcq.be\/fr\/wp-json\/wp\/v2\/comments?post=6669"}],"version-history":[{"count":9,"href":"https:\/\/www.frateurdepourcq.be\/fr\/wp-json\/wp\/v2\/pages\/6669\/revisions"}],"predecessor-version":[{"id":6670,"href":"https:\/\/www.frateurdepourcq.be\/fr\/wp-json\/wp\/v2\/pages\/6669\/revisions\/6670"}],"wp:attachment":[{"href":"https:\/\/www.frateurdepourcq.be\/fr\/wp-json\/wp\/v2\/media?parent=6669"}],"curies":[{"name":"wp","href":"https:\/\/api.w.org\/{rel}","templated":true}]}}