{"id":6673,"date":"2017-03-24T14:04:14","date_gmt":"2017-03-24T13:04:14","guid":{"rendered":"http:\/\/fdp.typografics.online\/wie-zijn-wij\/activiteiten\/"},"modified":"2017-12-07T12:00:22","modified_gmt":"2017-12-07T11:00:22","slug":"activites","status":"publish","type":"page","link":"https:\/\/www.frateurdepourcq.be\/fr\/qui-sommes-nous\/activites\/","title":{"rendered":"Activit\u00e9s"},"content":{"rendered":"<section class=\"wpb-content-wrapper\"><p>[vc_row][vc_column width=\u00a0\u00bb1\/2&Prime;][vc_custom_heading text=\u00a0\u00bbQUI SOMMES-NOUS\u00a0\u00bb font_container=\u00a0\u00bbtag:h2|font_size:14px|text_align:left|color:%23b3b3b3|line_height:30px\u00a0\u00bb google_fonts=\u00a0\u00bbfont_family:Raleway%3A100%2C200%2C300%2Cregular%2C500%2C600%2C700%2C800%2C900|font_style:500%20bold%20regular%3A500%3Anormal\u00a0\u00bb][block_title style=\u00a0\u00bbcolumn_title\u00a0\u00bb title=\u00a0\u00bbNos activit\u00e9s\u00a0\u00bb][\/block_title][vc_column_text]<\/p>\n<p class=\"p1\"><span class=\"s1\">Vous trouverez ci-apr\u00e8s un aper\u00e7u de tous les projets que nous avons men\u00e9s \u00e0 bien. Pour obtenir une description d\u00e9taill\u00e9e de nos r\u00e9alisations r\u00e9centes, vous pouvez consulter la page du projet.<\/span><\/p>\n<p>[\/vc_column_text][button title=\u00a0\u00bbNos projets\u00a0\u00bb link=\u00a0\u00bb\/fr\/nos-projets\u00a0\u00bb icon=\u00a0\u00bblinea-arrows-right\u00a0\u00bb][\/vc_column][vc_column width=\u00a0\u00bb1\/2&Prime;][vc_tta_accordion][vc_tta_section title=\u00a0\u00bbVOIES DE ROULEMENT\u00a0\u00bb tab_id=\u00a0\u00bb1487673564247-0128777a-91e0&Prime;][vc_column_text]<\/p>\n<p class=\"p1\"><span class=\"s1\">Avec l&rsquo;expansion du port d\u2019Anvers, notre entreprise est devenue l\u2019expert par excellence pour la construction, la r\u00e9novation et l&rsquo;entretien de voies de roulement pour tous types de traitements dans les ports d\u2019Anvers, de Gand et de Zeebruges.<\/span><\/p>\n<p class=\"p1\"><span class=\"s1\">Nous ex\u00e9cutons ces projets du d\u00e9but \u00e0 la fin : depuis la livraison des mat\u00e9riaux pour les rails jusqu\u2019\u00e0 la finition la plus d\u00e9taill\u00e9e des voies de roulement. Nous avons ainsi r\u00e9alis\u00e9 des projets pour l\u2019installation de voies de roulement dans la nouvelle darse Deurganckdok du port d\u2019Anvers.<\/span><\/p>\n<p>[\/vc_column_text][\/vc_tta_section][vc_tta_section title=\u00a0\u00bbVOIES INDUSTRIELS\u00a0\u00bb tab_id=\u00a0\u00bb1487673564305-907ddf18-e386&Prime;][vc_column_text]<\/p>\n<p class=\"p1\"><span class=\"s1\">SA Frateur &#8211; De Pourcq travaille aussi pour les entreprises priv\u00e9es dans le secteur industriel ou dans le secteur p\u00e9tro-chimique. Bon nombre de ces entreprises \u00e9tablies dans des ports et dans des p\u00f4les industriels ont une voie ferr\u00e9e sur leur site.<\/span><\/p>\n<p class=\"p1\"><span class=\"s1\">Nous veillons \u00e0 assurer la r\u00e9novation ou l\u2019entretien de ces voies ferr\u00e9es selon les normes d\u00e9crites par Infrabel. Nous sommes aussi en mesure d\u2019assurer correctement la connexion de ces lignes avec le r\u00e9seau de voies publiques.<\/span><\/p>\n<p>[\/vc_column_text][\/vc_tta_section][vc_tta_section title=\u00a0\u00bbTRAM &amp; M\u00c9TRO\u00a0\u00bb tab_id=\u00a0\u00bb1487673666676-f0ad2405-91c7&Prime;][vc_column_text]<\/p>\n<p class=\"p1\"><span class=\"s1\">Le transport public est en plein essor et FDP a d\u00e9j\u00e0 men\u00e9 \u00e0 bien des projets de petite et grande envergure pour diff\u00e9rentes compagnies de transport telles que De\u00a0Lijn, MIVB et TEC.<\/span><\/p>\n<p class=\"p1\"><span class=\"s1\">En qualit\u00e9 d&rsquo;entrepreneur principal ou comme sous-traitant des constructeurs routiers, nous avons d\u00e9j\u00e0 construit et r\u00e9nov\u00e9 des lignes de tram et de m\u00e9tro \u00e0 Anvers, Gand, Charleroi, Bruxelles et sur la c\u00f4te.<\/span><\/p>\n<p class=\"p1\"><span class=\"s1\">Forts de notre exp\u00e9rience de nombreuses ann\u00e9es, nous r\u00e9fl\u00e9chissons, \u00e0 la fois avec le client et avec nos partenaires, \u00e0 des solutions s\u00e9curitaires, exigeant peu d\u2019entretien et avec un faible impact en termes de bruit et de vibrations.<\/span><\/p>\n<p class=\"p1\"><span class=\"s1\">De plus, nous mettons l&rsquo;accent sur des techniques de construction efficaces et durables, ainsi que sur une construction qui perturbe moins les r\u00e9sidents locaux.<\/span><\/p>\n<p>[\/vc_column_text][\/vc_tta_section][vc_tta_section title=\u00a0\u00bbVOIES FERR\u00c9ES\u00a0\u00bb tab_id=\u00a0\u00bb1487673668808-bdbe2eb1-fd43&Prime;][vc_column_text]<\/p>\n<p class=\"p1\"><span class=\"s1\">Travailler sur les voies ferr\u00e9es constitue toujours un d\u00e9fi : cela signifie qu\u2019il faut \u00eatre capable de travailler sous pression, de travailler avec des grandes machines telles qu\u2019un train de renouvellement, travailler avec des \u00e9quipes de jour et de nuit et en se conformant \u00e0 des normes de s\u00e9curit\u00e9 strictes.<\/span><\/p>\n<p class=\"p1\"><span class=\"s1\">Gr\u00e2ce \u00e0 notre exp\u00e9rience dans les travaux r\u00e9alis\u00e9s sur les rails et \u00e0 une bonne organisation, nous avons d\u00e9j\u00e0 r\u00e9alis\u00e9 avec succ\u00e8s de nombreux projets d\u2019Infrabel.<\/span><\/p>\n<p>[\/vc_column_text][\/vc_tta_section][vc_tta_section title=\u00a0\u00bbVOIES POUR ACTIVIT\u00c9S R\u00c9CR\u00c9ATIVES\u00a0\u00bb tab_id=\u00a0\u00bb1487673672997-ef52f9d4-94ac\u00a0\u00bb][vc_column_text]<\/p>\n<p class=\"p1\"><span class=\"s1\">En plus des rails pour les chemins de fer, les trams et les m\u00e9tros et des voies de roulement, FDP construit et entretient \u00e9galement des rails pour activit\u00e9s r\u00e9cr\u00e9atives dans des parcs d\u2019attractions tels que Plopsaland, Bobbejaanland, Walibi et Pairi\u00a0Daiza.<\/span><\/p>\n<p class=\"p1\"><span class=\"s1\">Une \u00e9quipe d\u2019ing\u00e9nieurs et de constructeurs sp\u00e9cialis\u00e9s dans les rails se charge de la conception, la r\u00e9alisation et l\u2019installation de ces mini-voies ferr\u00e9es.<\/span><\/p>\n<p>[\/vc_column_text][\/vc_tta_section][vc_tta_section title=\u00a0\u00bbCONSTRUCTION DE MAT\u00c9RIAUX POUR LES VOIES\u00a0\u00bb tab_id=\u00a0\u00bb1487673675391-8d450f7b-68fc\u00a0\u00bb][vc_column_text]<\/p>\n<p class=\"p1\"><span class=\"s1\">Une \u00e9quipe sp\u00e9cialis\u00e9e produit chaque jour toutes sortes de mat\u00e9riaux pour les voies et toutes sortes d\u2019accessoires dans notre propre atelier de fabrication. C&rsquo;est ainsi que SA\u00a0Frateur &#8211; De\u00a0Pourcq est une des rares entreprises en Belgique qui fabrique encore des aiguillages et des travers\u00e9es.<\/span><\/p>\n<p>[\/vc_column_text][\/vc_tta_section][vc_tta_section title=\u00a0\u00bbR&amp;D\u00a0\u00bb tab_id=\u00a0\u00bb1487673778192-514ca0a1-a105&Prime;][vc_column_text]<\/p>\n<p class=\"p1\"><span class=\"s1\">Notre organisation participe depuis longtemps \u00e0 des projets de recherche europ\u00e9ens et r\u00e9alise ses propres recherches afin de d\u00e9velopper de nouvelles techniques pour les rails, \u00e9conomiques, s\u00e9curitaires et durables.<\/span><\/p>\n<p class=\"p1\"><span class=\"s1\">FDP a ainsi d\u00e9velopp\u00e9 son propre syst\u00e8me pour les trams, avec une r\u00e9duction des vibrations et du bruit, qui facilite en outre le remplacement des rails.<\/span><\/p>\n<p>[\/vc_column_text][\/vc_tta_section][\/vc_tta_accordion][\/vc_column][\/vc_row]<\/p>\n<\/section>","protected":false},"excerpt":{"rendered":"<p>[vc_row][vc_column width=\u00a0\u00bb1\/2&Prime;][vc_custom_heading text=\u00a0\u00bbQUI SOMMES-NOUS\u00a0\u00bb font_container=\u00a0\u00bbtag:h2|font_size:14px|text_align:left|color:%23b3b3b3|line_height:30px\u00a0\u00bb google_fonts=\u00a0\u00bbfont_family:Raleway%3A100%2C200%2C300%2Cregular%2C500%2C600%2C700%2C800%2C900|font_style:500%20bold%20regular%3A500%3Anormal\u00a0\u00bb][block_title style=\u00a0\u00bbcolumn_title\u00a0\u00bb title=\u00a0\u00bbNos activit\u00e9s\u00a0\u00bb][\/block_title][vc_column_text] Vous trouverez ci-apr\u00e8s un aper\u00e7u de tous les projets que nous avons men\u00e9s \u00e0 bien. Pour obtenir une description d\u00e9taill\u00e9e de nos r\u00e9alisations r\u00e9centes, vous pouvez consulter la page du projet. [\/vc_column_text][button title=\u00a0\u00bbNos projets\u00a0\u00bb link=\u00a0\u00bb\/fr\/nos-projets\u00a0\u00bb icon=\u00a0\u00bblinea-arrows-right\u00a0\u00bb][\/vc_column][vc_column width=\u00a0\u00bb1\/2&Prime;][vc_tta_accordion][vc_tta_section title=\u00a0\u00bbVOIES DE ROULEMENT\u00a0\u00bb tab_id=\u00a0\u00bb1487673564247-0128777a-91e0&Prime;][vc_column_text] Avec l&rsquo;expansion du port d\u2019Anvers, [&hellip;]<\/p>\n","protected":false},"author":2,"featured_media":0,"parent":6669,"menu_order":10,"comment_status":"closed","ping_status":"closed","template":"","meta":[],"_links":{"self":[{"href":"https:\/\/www.frateurdepourcq.be\/fr\/wp-json\/wp\/v2\/pages\/6673"}],"collection":[{"href":"https:\/\/www.frateurdepourcq.be\/fr\/wp-json\/wp\/v2\/pages"}],"about":[{"href":"https:\/\/www.frateurdepourcq.be\/fr\/wp-json\/wp\/v2\/types\/page"}],"author":[{"embeddable":true,"href":"https:\/\/www.frateurdepourcq.be\/fr\/wp-json\/wp\/v2\/users\/2"}],"replies":[{"embeddable":true,"href":"https:\/\/www.frateurdepourcq.be\/fr\/wp-json\/wp\/v2\/comments?post=6673"}],"version-history":[{"count":6,"href":"https:\/\/www.frateurdepourcq.be\/fr\/wp-json\/wp\/v2\/pages\/6673\/revisions"}],"predecessor-version":[{"id":7000,"href":"https:\/\/www.frateurdepourcq.be\/fr\/wp-json\/wp\/v2\/pages\/6673\/revisions\/7000"}],"up":[{"embeddable":true,"href":"https:\/\/www.frateurdepourcq.be\/fr\/wp-json\/wp\/v2\/pages\/6669"}],"wp:attachment":[{"href":"https:\/\/www.frateurdepourcq.be\/fr\/wp-json\/wp\/v2\/media?parent=6673"}],"curies":[{"name":"wp","href":"https:\/\/api.w.org\/{rel}","templated":true}]}}