{"id":6695,"date":"2016-05-23T09:10:31","date_gmt":"2016-05-23T09:10:31","guid":{"rendered":"http:\/\/fdp.typografics.online\/contacteer-fdp\/"},"modified":"2017-08-07T10:38:37","modified_gmt":"2017-08-07T08:38:37","slug":"contact","status":"publish","type":"page","link":"https:\/\/www.frateurdepourcq.be\/fr\/contact\/","title":{"rendered":"Contact"},"content":{"rendered":"<section class=\"wpb-content-wrapper\"><p>[vc_row][vc_column][vc_custom_heading text=\u00a0\u00bbCONTACTEZ-NOUS\u00a0\u00bb font_container=\u00a0\u00bbtag:h2|font_size:14px|text_align:center|color:%23b3b3b3|line_height:30px\u00a0\u00bb google_fonts=\u00a0\u00bbfont_family:Lato%3A100%2C100italic%2C300%2C300italic%2Cregular%2Citalic%2C700%2C700italic%2C900%2C900italic|font_style:400%20regular%3A400%3Anormal\u00a0\u00bb][block_title inner_style_title=\u00a0\u00bbonly_text\u00a0\u00bb padding_desc=\u00a0\u00bb20%\u00a0\u00bb title=\u00a0\u00bbContactez nos sp\u00e9cialistes\u00a0\u00bb]<\/p>\n<p class=\"p1\"><span class=\"s1\">Remplissez le formulaire ci-dessous ou prenez un rendez-vous par t\u00e9l\u00e9phone.<\/span><\/p>\n<p>[\/block_title][google_map height=\u00a0\u00bb400&Prime; dynamic_src=\u00a0\u00bbhttps:\/\/www.google.com\/maps\/embed?pb=!1m18!1m12!1m3!1d2505.850419178334!2d4.353350315773157!3d51.092767979569246!2m3!1f0!2f0!3f0!3m2!1i1024!2i768!4f13.1!3m3!1m2!1s0x47c3ee047963e531%3A0xff50e5abc6188217!2sEtablissementen+Frateur-de+Pourcq!5e0!3m2!1snl!2sbe!4v1487326131240&Prime;][\/vc_column][\/vc_row][vc_row][vc_column width=\u00a0\u00bb1\/2&Prime;][vc_column_text]<\/p>\n<h2 style=\"color: #0078bf;\">Laissez vos coordonn\u00e9es ici<\/h2>\n<p>[\/vc_column_text]\n<div class=\"wpcf7 no-js\" id=\"wpcf7-f6991-o1\" lang=\"nl-NL\" dir=\"ltr\">\n<div class=\"screen-reader-response\"><p role=\"status\" aria-live=\"polite\" aria-atomic=\"true\"><\/p> <ul><\/ul><\/div>\n<form action=\"\/fr\/wp-json\/wp\/v2\/pages\/6695#wpcf7-f6991-o1\" method=\"post\" class=\"wpcf7-form init\" aria-label=\"Contactformulier\" novalidate=\"novalidate\" data-status=\"init\">\n<div style=\"display: none;\">\n<input type=\"hidden\" name=\"_wpcf7\" value=\"6991\" \/>\n<input type=\"hidden\" name=\"_wpcf7_version\" value=\"5.7.3\" \/>\n<input type=\"hidden\" name=\"_wpcf7_locale\" value=\"nl_NL\" \/>\n<input type=\"hidden\" name=\"_wpcf7_unit_tag\" value=\"wpcf7-f6991-o1\" \/>\n<input type=\"hidden\" name=\"_wpcf7_container_post\" value=\"0\" \/>\n<input type=\"hidden\" name=\"_wpcf7_posted_data_hash\" value=\"\" \/>\n<\/div>\n<p><label> Nom*<br \/>\n<span class=\"wpcf7-form-control-wrap\" data-name=\"your-name\"><input size=\"40\" class=\"wpcf7-form-control wpcf7-text wpcf7-validates-as-required\" aria-required=\"true\" aria-invalid=\"false\" value=\"\" type=\"text\" name=\"your-name\" \/><\/span> <\/label>\n<\/p>\n<p><label> E-mail*<br \/>\n<span class=\"wpcf7-form-control-wrap\" data-name=\"your-email\"><input size=\"40\" class=\"wpcf7-form-control wpcf7-text wpcf7-email wpcf7-validates-as-required wpcf7-validates-as-email\" aria-required=\"true\" aria-invalid=\"false\" value=\"\" type=\"email\" name=\"your-email\" \/><\/span> <\/label>\n<\/p>\n<p><label> Num\u00e9ro de t\u00e9l\u00e9phone*<br \/>\n<span class=\"wpcf7-form-control-wrap\" data-name=\"your-tel\"><input size=\"40\" class=\"wpcf7-form-control wpcf7-text wpcf7-validates-as-required\" aria-required=\"true\" aria-invalid=\"false\" value=\"\" type=\"text\" name=\"your-tel\" \/><\/span> <\/label>\n<\/p>\n<p><label> Sujet<br \/>\n<span class=\"wpcf7-form-control-wrap\" data-name=\"your-subject\"><input size=\"40\" class=\"wpcf7-form-control wpcf7-text\" aria-invalid=\"false\" value=\"\" type=\"text\" name=\"your-subject\" \/><\/span> <\/label>\n<\/p>\n<p><label> Message<br \/>\n<span class=\"wpcf7-form-control-wrap\" data-name=\"your-message\"><textarea cols=\"40\" rows=\"10\" class=\"wpcf7-form-control wpcf7-textarea\" aria-invalid=\"false\" name=\"your-message\"><\/textarea><\/span> <\/label>\n<\/p>\n<p><input class=\"wpcf7-form-control has-spinner wpcf7-submit\" type=\"submit\" value=\"Envoyez\" \/>\n<\/p><div class=\"wpcf7-response-output\" aria-hidden=\"true\"><\/div>\n<\/form>\n<\/div>\n[\/vc_column][vc_column width=\u00a0\u00bb1\/2&Prime;][vc_column_text]<\/p>\n<p class=\"p1\"><span class=\"s1\">Vous souhaitez obtenir davantage d\u2019informations sur nos activit\u00e9s ?<br \/>\n<\/span><span class=\"s1\">Vous souhaitez nous rejoindre et travailler chez FDP ?<br \/>\n<\/span>Souhaitez-vous recevoir une offre ?<br \/>\n<span class=\"s1\">Avez-vous une autre question ?<\/span><\/p>\n<p class=\"p1\"><span class=\"s1\">Vous pouvez \u00e9galement nous contacter en utilisant les canaux suivants :<\/span><\/p>\n<p>[\/vc_column_text][vc_column_text]<\/p>\n<h4 style=\"color: #0078bf;\">NV FRATEUR &#8211; DE POURCQ<\/h4>\n<p>[\/vc_column_text][vc_column_text]RUPELWEG 1<br \/>\n2850 Boom<\/p>\n<p><strong>Tel:\u00a0<\/strong>03 888 01 04<br \/>\n<strong>Email:<\/strong><a href=\"mailto:info@frateurdepourcq.be\">\u00a0info@frateurdepourcq.be<\/a>[\/vc_column_text][\/vc_column][\/vc_row]<\/p>\n<\/section>","protected":false},"excerpt":{"rendered":"<p>[vc_row][vc_column][vc_custom_heading text=\u00a0\u00bbCONTACTEZ-NOUS\u00a0\u00bb font_container=\u00a0\u00bbtag:h2|font_size:14px|text_align:center|color:%23b3b3b3|line_height:30px\u00a0\u00bb google_fonts=\u00a0\u00bbfont_family:Lato%3A100%2C100italic%2C300%2C300italic%2Cregular%2Citalic%2C700%2C700italic%2C900%2C900italic|font_style:400%20regular%3A400%3Anormal\u00a0\u00bb][block_title inner_style_title=\u00a0\u00bbonly_text\u00a0\u00bb padding_desc=\u00a0\u00bb20%\u00a0\u00bb title=\u00a0\u00bbContactez nos sp\u00e9cialistes\u00a0\u00bb] Remplissez le formulaire ci-dessous ou prenez un rendez-vous par t\u00e9l\u00e9phone. [\/block_title][google_map height=\u00a0\u00bb400&Prime; dynamic_src=\u00a0\u00bbhttps:\/\/www.google.com\/maps\/embed?pb=!1m18!1m12!1m3!1d2505.850419178334!2d4.353350315773157!3d51.092767979569246!2m3!1f0!2f0!3f0!3m2!1i1024!2i768!4f13.1!3m3!1m2!1s0x47c3ee047963e531%3A0xff50e5abc6188217!2sEtablissementen+Frateur-de+Pourcq!5e0!3m2!1snl!2sbe!4v1487326131240&Prime;][\/vc_column][\/vc_row][vc_row][vc_column width=\u00a0\u00bb1\/2&Prime;][vc_column_text] Laissez vos coordonn\u00e9es ici [\/vc_column_text][\/vc_column][vc_column width=\u00a0\u00bb1\/2&Prime;][vc_column_text] Vous souhaitez obtenir davantage d\u2019informations sur nos activit\u00e9s ? Vous souhaitez nous rejoindre et travailler chez FDP ? Souhaitez-vous recevoir une offre ? Avez-vous une autre [&hellip;]<\/p>\n","protected":false},"author":1,"featured_media":0,"parent":0,"menu_order":0,"comment_status":"closed","ping_status":"closed","template":"","meta":[],"_links":{"self":[{"href":"https:\/\/www.frateurdepourcq.be\/fr\/wp-json\/wp\/v2\/pages\/6695"}],"collection":[{"href":"https:\/\/www.frateurdepourcq.be\/fr\/wp-json\/wp\/v2\/pages"}],"about":[{"href":"https:\/\/www.frateurdepourcq.be\/fr\/wp-json\/wp\/v2\/types\/page"}],"author":[{"embeddable":true,"href":"https:\/\/www.frateurdepourcq.be\/fr\/wp-json\/wp\/v2\/users\/1"}],"replies":[{"embeddable":true,"href":"https:\/\/www.frateurdepourcq.be\/fr\/wp-json\/wp\/v2\/comments?post=6695"}],"version-history":[{"count":4,"href":"https:\/\/www.frateurdepourcq.be\/fr\/wp-json\/wp\/v2\/pages\/6695\/revisions"}],"predecessor-version":[{"id":7021,"href":"https:\/\/www.frateurdepourcq.be\/fr\/wp-json\/wp\/v2\/pages\/6695\/revisions\/7021"}],"wp:attachment":[{"href":"https:\/\/www.frateurdepourcq.be\/fr\/wp-json\/wp\/v2\/media?parent=6695"}],"curies":[{"name":"wp","href":"https:\/\/api.w.org\/{rel}","templated":true}]}}