{"id":6715,"date":"2017-02-03T09:49:51","date_gmt":"2017-02-03T08:49:51","guid":{"rendered":"http:\/\/fdp.typografics.online\/historiek\/"},"modified":"2017-08-07T10:49:57","modified_gmt":"2017-08-07T08:49:57","slug":"histoire","status":"publish","type":"page","link":"https:\/\/www.frateurdepourcq.be\/fr\/histoire\/","title":{"rendered":"Histoire"},"content":{"rendered":"<! ========= Cool Timeline Free 2.5 =========><div class=\"cool_timeline cool-timeline-wrapper both-sided-wrapper white-timeline-wrapper default-skin-tm\"><h1 class=\"timeline-main-title center-block\">FRATEUR-DE POURCQ<\/h1><div class=\"cool-timeline white-timeline ultimate-style both-sided-wrapper default-layout \"><div data-animations=\"fade-up\"  id=\"ctl-free-one\" class=\"cooltimeline_cont  clearfix icons_no\"><div  data-aos=\"fade-up\"  class=\"timeline-year scrollable-section\"\r\n\t\t\t\t\t\t\t\tdata-section-title=\"1887\" id=\"clt-1887\">\r\n\t\t\t\t\t\t\t\t<div class=\"icon-placeholder\"><span class=\"ctl-timeline-date\">1887<\/span><\/div>\r\n\t\t\t\t\t\t\t\t<div class=\"timeline-bar\"><\/div>\r\n\t\t\t\t\t\t\t\t<\/div><!-- .timeline-post-start--><div  class=\"timeline-post even light-grey-post icons_no  default-skin\"  id=\"story-6757\"><div  data-aos=\"fade-up\" class=\"timeline-meta\"><div class=\"meta-details\">f\u00e9vrier 3<\/div><\/div><div  data-aos=\"fade-up\" class=\"timeline-icon icon-dot-full\"><div class=\"timeline-bar\"><\/div><\/div><div  data-aos=\"fade-up\" class=\"timeline-content clearfix\"><h2 class=\"content-title\">1887<\/h2><div class=\"ctl_info event-description \"><div class=\"full-width\"><a title=\"1887\"  href=\"https:\/\/www.frateurdepourcq.be\/wp-content\/uploads\/2017\/02\/2.jpg\" class=\"ctl_prettyPhoto\"><img width=\"700\" height=\"515\" src=\"https:\/\/www.frateurdepourcq.be\/wp-content\/uploads\/2017\/02\/2.jpg\" class=\"story-img wp-post-image\" alt=\"1887\" decoding=\"async\" loading=\"lazy\" srcset=\"https:\/\/www.frateurdepourcq.be\/wp-content\/uploads\/2017\/02\/2.jpg 700w, https:\/\/www.frateurdepourcq.be\/wp-content\/uploads\/2017\/02\/2-300x221.jpg 300w, https:\/\/www.frateurdepourcq.be\/wp-content\/uploads\/2017\/02\/2-300x221@2x.jpg 600w\" sizes=\"(max-width: 700px) 100vw, 700px\" \/><\/a><\/div><div class=\"content-details\">1e g\u00e9n\u00e9ration\u00a0: Monsieur Frateur d\u00e9marre une petite entreprise comme forgeron \u00e0 Terhagen. Il r\u00e9alise les fers \u00e0 cheval des chevaux qui \u00e9taient les outils les plus importants des briqueteries.<\/div><\/div><\/div><!-- timeline content --><\/div><!-- .timeline-post-end --><div  data-aos=\"fade-up\"  class=\"timeline-year scrollable-section\"\r\n\t\t\t\t\t\t\t\tdata-section-title=\"1895\" id=\"clt-1895\">\r\n\t\t\t\t\t\t\t\t<div class=\"icon-placeholder\"><span class=\"ctl-timeline-date\">1895<\/span><\/div>\r\n\t\t\t\t\t\t\t\t<div class=\"timeline-bar\"><\/div>\r\n\t\t\t\t\t\t\t\t<\/div><!-- .timeline-post-start--><div  class=\"timeline-post odd light-grey-post icons_no  default-skin\"  id=\"story-6759\"><div  data-aos=\"fade-up\" class=\"timeline-meta\"><div class=\"meta-details\">f\u00e9vrier 17<\/div><\/div><div  data-aos=\"fade-up\" class=\"timeline-icon icon-dot-full\"><div class=\"timeline-bar\"><\/div><\/div><div  data-aos=\"fade-up\" class=\"timeline-content clearfix\"><h2 class=\"content-title\">Entre 1887 et 1907<\/h2><div class=\"ctl_info event-description \"><div class=\"full-width\"><a title=\"Entre 1887 et 1907\"  href=\"https:\/\/www.frateurdepourcq.be\/wp-content\/uploads\/1895\/02\/1-cropped.jpg\" class=\"ctl_prettyPhoto\"><img width=\"675\" height=\"438\" src=\"https:\/\/www.frateurdepourcq.be\/wp-content\/uploads\/1895\/02\/1-cropped.jpg\" class=\"story-img wp-post-image\" alt=\"Entre 1887 et 1907\" decoding=\"async\" loading=\"lazy\" srcset=\"https:\/\/www.frateurdepourcq.be\/wp-content\/uploads\/1895\/02\/1-cropped.jpg 675w, https:\/\/www.frateurdepourcq.be\/wp-content\/uploads\/1895\/02\/1-cropped-300x195.jpg 300w, https:\/\/www.frateurdepourcq.be\/wp-content\/uploads\/1895\/02\/1-cropped-300x195@2x.jpg 600w\" sizes=\"(max-width: 675px) 100vw, 675px\" \/><\/a><\/div><div class=\"content-details\">Monsieur Frateur a l\u2019id\u00e9e de d\u00e9monter et de vendre les petits rails install\u00e9s dans les briqueteries. En effet, les chevaux doivent de plus en plus c\u00e9der leur place aux petites locomotives Mo\u00ebs. Il abandonne ainsi son m\u00e9tier de forgeron au profit d\u2019une carri\u00e8re comme n\u00e9gociant dans les rails.<\/div><\/div><\/div><!-- timeline content --><\/div><!-- .timeline-post-end --><div  data-aos=\"fade-up\"  class=\"timeline-year scrollable-section\"\r\n\t\t\t\t\t\t\t\tdata-section-title=\"1907\" id=\"clt-1907\">\r\n\t\t\t\t\t\t\t\t<div class=\"icon-placeholder\"><span class=\"ctl-timeline-date\">1907<\/span><\/div>\r\n\t\t\t\t\t\t\t\t<div class=\"timeline-bar\"><\/div>\r\n\t\t\t\t\t\t\t\t<\/div><!-- .timeline-post-start--><div  class=\"timeline-post even light-grey-post icons_no  default-skin\"  id=\"story-6761\"><div  data-aos=\"fade-up\" class=\"timeline-meta\"><div class=\"meta-details\">f\u00e9vrier 17<\/div><\/div><div  data-aos=\"fade-up\" class=\"timeline-icon icon-dot-full\"><div class=\"timeline-bar\"><\/div><\/div><div  data-aos=\"fade-up\" class=\"timeline-content clearfix\"><h2 class=\"content-title\">+\/- 1907<\/h2><div class=\"ctl_info event-description \"><div class=\"full-width\"><a title=\"+\/- 1907\"  href=\"https:\/\/www.frateurdepourcq.be\/wp-content\/uploads\/2017\/02\/3.jpg\" class=\"ctl_prettyPhoto\"><img width=\"700\" height=\"435\" src=\"https:\/\/www.frateurdepourcq.be\/wp-content\/uploads\/2017\/02\/3.jpg\" class=\"story-img wp-post-image\" alt=\"+\/- 1907\" decoding=\"async\" loading=\"lazy\" srcset=\"https:\/\/www.frateurdepourcq.be\/wp-content\/uploads\/2017\/02\/3.jpg 700w, https:\/\/www.frateurdepourcq.be\/wp-content\/uploads\/2017\/02\/3-300x186.jpg 300w, https:\/\/www.frateurdepourcq.be\/wp-content\/uploads\/2017\/02\/3-300x186@2x.jpg 600w\" sizes=\"(max-width: 700px) 100vw, 700px\" \/><\/a><\/div><div class=\"content-details\">2e g\u00e9n\u00e9ration : Frans Frateur d\u00e9veloppe de plus en plus cette activit\u00e9 et d\u00e9m\u00e9nage au num\u00e9ro 5 de Plantsoenstraat \u00e0 Boom. L&rsquo;entreprise grandit et se lance dans la vente de tous types de mat\u00e9riaux pour les rails.<\/div><\/div><\/div><!-- timeline content --><\/div><!-- .timeline-post-end --><div  data-aos=\"fade-up\"  class=\"timeline-year scrollable-section\"\r\n\t\t\t\t\t\t\t\tdata-section-title=\"1919\" id=\"clt-1919\">\r\n\t\t\t\t\t\t\t\t<div class=\"icon-placeholder\"><span class=\"ctl-timeline-date\">1919<\/span><\/div>\r\n\t\t\t\t\t\t\t\t<div class=\"timeline-bar\"><\/div>\r\n\t\t\t\t\t\t\t\t<\/div><!-- .timeline-post-start--><div  class=\"timeline-post odd light-grey-post icons_no  default-skin\"  id=\"story-6763\"><div  data-aos=\"fade-up\" class=\"timeline-meta\"><div class=\"meta-details\">f\u00e9vrier 17<\/div><\/div><div  data-aos=\"fade-up\" class=\"timeline-icon icon-dot-full\"><div class=\"timeline-bar\"><\/div><\/div><div  data-aos=\"fade-up\" class=\"timeline-content clearfix\"><h2 class=\"content-title\">Entre 1907 et 1930<\/h2><div class=\"ctl_info event-description \"><div class=\"full-width\"><a title=\"Entre 1907 et 1930\"  href=\"https:\/\/www.frateurdepourcq.be\/wp-content\/uploads\/2017\/02\/6.jpg\" class=\"ctl_prettyPhoto\"><img width=\"540\" height=\"700\" src=\"https:\/\/www.frateurdepourcq.be\/wp-content\/uploads\/2017\/02\/6.jpg\" class=\"story-img wp-post-image\" alt=\"Entre 1907 et 1930\" decoding=\"async\" loading=\"lazy\" srcset=\"https:\/\/www.frateurdepourcq.be\/wp-content\/uploads\/2017\/02\/6.jpg 540w, https:\/\/www.frateurdepourcq.be\/wp-content\/uploads\/2017\/02\/6-231x300.jpg 231w, https:\/\/www.frateurdepourcq.be\/wp-content\/uploads\/2017\/02\/6-231x300@2x.jpg 462w\" sizes=\"(max-width: 540px) 100vw, 540px\" \/><\/a><\/div><div class=\"content-details\">L\u2019entreprise commence \u00e0 installer des rails dans les briqueteries environnantes.<\/div><\/div><\/div><!-- timeline content --><\/div><!-- .timeline-post-end --><div  data-aos=\"fade-up\"  class=\"timeline-year scrollable-section\"\r\n\t\t\t\t\t\t\t\tdata-section-title=\"1951\" id=\"clt-1951\">\r\n\t\t\t\t\t\t\t\t<div class=\"icon-placeholder\"><span class=\"ctl-timeline-date\">1951<\/span><\/div>\r\n\t\t\t\t\t\t\t\t<div class=\"timeline-bar\"><\/div>\r\n\t\t\t\t\t\t\t\t<\/div><!-- .timeline-post-start--><div  class=\"timeline-post even light-grey-post icons_no  default-skin\"  id=\"story-6765\"><div  data-aos=\"fade-up\" class=\"timeline-meta\"><div class=\"meta-details\">f\u00e9vrier 17<\/div><\/div><div  data-aos=\"fade-up\" class=\"timeline-icon icon-dot-full\"><div class=\"timeline-bar\"><\/div><\/div><div  data-aos=\"fade-up\" class=\"timeline-content clearfix\"><h2 class=\"content-title\">1951<\/h2><div class=\"ctl_info event-description \"><div class=\"full-width\"><a title=\"1951\"  href=\"https:\/\/www.frateurdepourcq.be\/wp-content\/uploads\/2017\/02\/7.jpg\" class=\"ctl_prettyPhoto\"><img width=\"700\" height=\"442\" src=\"https:\/\/www.frateurdepourcq.be\/wp-content\/uploads\/2017\/02\/7.jpg\" class=\"story-img wp-post-image\" alt=\"1951\" decoding=\"async\" loading=\"lazy\" srcset=\"https:\/\/www.frateurdepourcq.be\/wp-content\/uploads\/2017\/02\/7.jpg 700w, https:\/\/www.frateurdepourcq.be\/wp-content\/uploads\/2017\/02\/7-300x189.jpg 300w, https:\/\/www.frateurdepourcq.be\/wp-content\/uploads\/2017\/02\/7-300x189@2x.jpg 600w\" sizes=\"(max-width: 700px) 100vw, 700px\" \/><\/a><\/div><div class=\"content-details\">Sous la direction de Charles Frateur, mari\u00e9 \u00e0 Helena De Pourcq, l&rsquo;entreprise entame les premi\u00e8res activit\u00e9s pour la SNCB. Le r\u00e9seau belge de voies ferr\u00e9es est en effet en plein d\u00e9veloppement.<\/div><\/div><\/div><!-- timeline content --><\/div><!-- .timeline-post-end --><div  data-aos=\"fade-up\"  class=\"timeline-year scrollable-section\"\r\n\t\t\t\t\t\t\t\tdata-section-title=\"1953\" id=\"clt-1953\">\r\n\t\t\t\t\t\t\t\t<div class=\"icon-placeholder\"><span class=\"ctl-timeline-date\">1953<\/span><\/div>\r\n\t\t\t\t\t\t\t\t<div class=\"timeline-bar\"><\/div>\r\n\t\t\t\t\t\t\t\t<\/div><!-- .timeline-post-start--><div  class=\"timeline-post odd light-grey-post icons_no  default-skin\"  id=\"story-6767\"><div  data-aos=\"fade-up\" class=\"timeline-meta\"><div class=\"meta-details\">f\u00e9vrier 17<\/div><\/div><div  data-aos=\"fade-up\" class=\"timeline-icon icon-dot-full\"><div class=\"timeline-bar\"><\/div><\/div><div  data-aos=\"fade-up\" class=\"timeline-content clearfix\"><h2 class=\"content-title\">1953<\/h2><div class=\"ctl_info event-description \"><div class=\"content-details\">La 4e g\u00e9n\u00e9ration arrive dans l&rsquo;entreprise. Charles Frateur et Helena De Pourcq n\u2019ont pas d&rsquo;enfants. Marie De Pourcq, la s\u0153ur d\u2019Helena et \u00e9galement propri\u00e9taire de l&rsquo;entreprise, se marie avec Charles Rotthier, dont le fils Raoul Rotthier prend le gouvernail.<\/div><\/div><\/div><!-- timeline content --><\/div><!-- .timeline-post-end --><div  data-aos=\"fade-up\"  class=\"timeline-year scrollable-section\"\r\n\t\t\t\t\t\t\t\tdata-section-title=\"1957\" id=\"clt-1957\">\r\n\t\t\t\t\t\t\t\t<div class=\"icon-placeholder\"><span class=\"ctl-timeline-date\">1957<\/span><\/div>\r\n\t\t\t\t\t\t\t\t<div class=\"timeline-bar\"><\/div>\r\n\t\t\t\t\t\t\t\t<\/div><!-- .timeline-post-start--><div  class=\"timeline-post even light-grey-post icons_no  default-skin\"  id=\"story-6769\"><div  data-aos=\"fade-up\" class=\"timeline-meta\"><div class=\"meta-details\">f\u00e9vrier 17<\/div><\/div><div  data-aos=\"fade-up\" class=\"timeline-icon icon-dot-full\"><div class=\"timeline-bar\"><\/div><\/div><div  data-aos=\"fade-up\" class=\"timeline-content clearfix\"><h2 class=\"content-title\">1957<\/h2><div class=\"ctl_info event-description \"><div class=\"full-width\"><a title=\"1957\"  href=\"https:\/\/www.frateurdepourcq.be\/wp-content\/uploads\/2017\/02\/8.jpg\" class=\"ctl_prettyPhoto\"><img width=\"700\" height=\"525\" src=\"https:\/\/www.frateurdepourcq.be\/wp-content\/uploads\/2017\/02\/8.jpg\" class=\"story-img wp-post-image\" alt=\"1957\" decoding=\"async\" loading=\"lazy\" srcset=\"https:\/\/www.frateurdepourcq.be\/wp-content\/uploads\/2017\/02\/8.jpg 700w, https:\/\/www.frateurdepourcq.be\/wp-content\/uploads\/2017\/02\/8-300x225.jpg 300w, https:\/\/www.frateurdepourcq.be\/wp-content\/uploads\/2017\/02\/8-627x470.jpg 627w, https:\/\/www.frateurdepourcq.be\/wp-content\/uploads\/2017\/02\/8-300x225@2x.jpg 600w\" sizes=\"(max-width: 700px) 100vw, 700px\" \/><\/a><\/div><div class=\"content-details\">L&rsquo;entreprise change de nom et poursuit ses activit\u00e9s sous le nom de\u00a0Frateur &#8211; De\u00a0Pourcq SA.<\/div><\/div><\/div><!-- timeline content --><\/div><!-- .timeline-post-end --><div  data-aos=\"fade-up\"  class=\"timeline-year scrollable-section\"\r\n\t\t\t\t\t\t\t\tdata-section-title=\"1965\" id=\"clt-1965\">\r\n\t\t\t\t\t\t\t\t<div class=\"icon-placeholder\"><span class=\"ctl-timeline-date\">1965<\/span><\/div>\r\n\t\t\t\t\t\t\t\t<div class=\"timeline-bar\"><\/div>\r\n\t\t\t\t\t\t\t\t<\/div><!-- .timeline-post-start--><div  class=\"timeline-post odd light-grey-post icons_no  default-skin\"  id=\"story-6771\"><div  data-aos=\"fade-up\" class=\"timeline-meta\"><div class=\"meta-details\">f\u00e9vrier 17<\/div><\/div><div  data-aos=\"fade-up\" class=\"timeline-icon icon-dot-full\"><div class=\"timeline-bar\"><\/div><\/div><div  data-aos=\"fade-up\" class=\"timeline-content clearfix\"><h2 class=\"content-title\">1965<\/h2><div class=\"ctl_info event-description \"><div class=\"full-width\"><a title=\"1965\"  href=\"https:\/\/www.frateurdepourcq.be\/wp-content\/uploads\/2017\/02\/9.jpg\" class=\"ctl_prettyPhoto\"><img width=\"639\" height=\"700\" src=\"https:\/\/www.frateurdepourcq.be\/wp-content\/uploads\/2017\/02\/9.jpg\" class=\"story-img wp-post-image\" alt=\"1965\" decoding=\"async\" loading=\"lazy\" srcset=\"https:\/\/www.frateurdepourcq.be\/wp-content\/uploads\/2017\/02\/9.jpg 639w, https:\/\/www.frateurdepourcq.be\/wp-content\/uploads\/2017\/02\/9-274x300.jpg 274w, https:\/\/www.frateurdepourcq.be\/wp-content\/uploads\/2017\/02\/9-274x300@2x.jpg 548w\" sizes=\"(max-width: 639px) 100vw, 639px\" \/><\/a><\/div><div class=\"content-details\">L\u2019av\u00e8nement de la grande industrie. Frateur &#8211; De Pourcq SA construit la voie ferr\u00e9e pour l\u2019usine 2 de General Motors \u00e0 Anvers.<\/div><\/div><\/div><!-- timeline content --><\/div><!-- .timeline-post-end --><div  data-aos=\"fade-up\"  class=\"timeline-year scrollable-section\"\r\n\t\t\t\t\t\t\t\tdata-section-title=\"1967\" id=\"clt-1967\">\r\n\t\t\t\t\t\t\t\t<div class=\"icon-placeholder\"><span class=\"ctl-timeline-date\">1967<\/span><\/div>\r\n\t\t\t\t\t\t\t\t<div class=\"timeline-bar\"><\/div>\r\n\t\t\t\t\t\t\t\t<\/div><!-- .timeline-post-start--><div  class=\"timeline-post even light-grey-post icons_no  default-skin\"  id=\"story-6773\"><div  data-aos=\"fade-up\" class=\"timeline-meta\"><div class=\"meta-details\">f\u00e9vrier 17<\/div><\/div><div  data-aos=\"fade-up\" class=\"timeline-icon icon-dot-full\"><div class=\"timeline-bar\"><\/div><\/div><div  data-aos=\"fade-up\" class=\"timeline-content clearfix\"><h2 class=\"content-title\">1967<\/h2><div class=\"ctl_info event-description \"><div class=\"full-width\"><a title=\"1967\"  href=\"https:\/\/www.frateurdepourcq.be\/wp-content\/uploads\/2017\/02\/10.jpg\" class=\"ctl_prettyPhoto\"><img width=\"700\" height=\"484\" src=\"https:\/\/www.frateurdepourcq.be\/wp-content\/uploads\/2017\/02\/10.jpg\" class=\"story-img wp-post-image\" alt=\"1967\" decoding=\"async\" loading=\"lazy\" srcset=\"https:\/\/www.frateurdepourcq.be\/wp-content\/uploads\/2017\/02\/10.jpg 700w, https:\/\/www.frateurdepourcq.be\/wp-content\/uploads\/2017\/02\/10-300x207.jpg 300w, https:\/\/www.frateurdepourcq.be\/wp-content\/uploads\/2017\/02\/10-300x207@2x.jpg 600w\" sizes=\"(max-width: 700px) 100vw, 700px\" \/><\/a><\/div><div class=\"content-details\">L&rsquo;entreprise familiale de Boom se lance dans la pose de voies de roulement pour le traitement des conteneurs. Elle participe \u00e0 l&rsquo;expansion des ports d\u2019Anvers, de Gand et de Zeebruges.<\/div><\/div><\/div><!-- timeline content --><\/div><!-- .timeline-post-end --><div  data-aos=\"fade-up\"  class=\"timeline-year scrollable-section\"\r\n\t\t\t\t\t\t\t\tdata-section-title=\"1978\" id=\"clt-1978\">\r\n\t\t\t\t\t\t\t\t<div class=\"icon-placeholder\"><span class=\"ctl-timeline-date\">1978<\/span><\/div>\r\n\t\t\t\t\t\t\t\t<div class=\"timeline-bar\"><\/div>\r\n\t\t\t\t\t\t\t\t<\/div><!-- .timeline-post-start--><div  class=\"timeline-post odd light-grey-post icons_no  default-skin\"  id=\"story-6775\"><div  data-aos=\"fade-up\" class=\"timeline-meta\"><div class=\"meta-details\">f\u00e9vrier 17<\/div><\/div><div  data-aos=\"fade-up\" class=\"timeline-icon icon-dot-full\"><div class=\"timeline-bar\"><\/div><\/div><div  data-aos=\"fade-up\" class=\"timeline-content clearfix\"><h2 class=\"content-title\">1978<\/h2><div class=\"ctl_info event-description \"><div class=\"content-details\">La 5e g\u00e9n\u00e9ration fait son arriv\u00e9e : Dirk Rotthier, un des cinq enfants de Raoul Rotthier, entre dans l\u2019entreprise pour suivre la voie de son p\u00e8re.<\/div><\/div><\/div><!-- timeline content --><\/div><!-- .timeline-post-end --><div  data-aos=\"fade-up\"  class=\"timeline-year scrollable-section\"\r\n\t\t\t\t\t\t\t\tdata-section-title=\"1981\" id=\"clt-1981\">\r\n\t\t\t\t\t\t\t\t<div class=\"icon-placeholder\"><span class=\"ctl-timeline-date\">1981<\/span><\/div>\r\n\t\t\t\t\t\t\t\t<div class=\"timeline-bar\"><\/div>\r\n\t\t\t\t\t\t\t\t<\/div><!-- .timeline-post-start--><div  class=\"timeline-post even light-grey-post icons_no  default-skin\"  id=\"story-6777\"><div  data-aos=\"fade-up\" class=\"timeline-meta\"><div class=\"meta-details\">f\u00e9vrier 17<\/div><\/div><div  data-aos=\"fade-up\" class=\"timeline-icon icon-dot-full\"><div class=\"timeline-bar\"><\/div><\/div><div  data-aos=\"fade-up\" class=\"timeline-content clearfix\"><h2 class=\"content-title\">1981<\/h2><div class=\"ctl_info event-description \"><div class=\"content-details\">Peter Rotthier, le plus jeune des quatre fils, consolide l&rsquo;entreprise familiale. Dans les ann\u00e9es 80 et 90, les activit\u00e9s sont davantage ax\u00e9es sur des travaux de sous-traitance pour les voies ferr\u00e9es de la SNCB, pour les voies de tram et de m\u00e9tro et pour les voies de roulement.<\/div><\/div><\/div><!-- timeline content --><\/div><!-- .timeline-post-end --><div  data-aos=\"fade-up\"  class=\"timeline-year scrollable-section\"\r\n\t\t\t\t\t\t\t\tdata-section-title=\"1989\" id=\"clt-1989\">\r\n\t\t\t\t\t\t\t\t<div class=\"icon-placeholder\"><span class=\"ctl-timeline-date\">1989<\/span><\/div>\r\n\t\t\t\t\t\t\t\t<div class=\"timeline-bar\"><\/div>\r\n\t\t\t\t\t\t\t\t<\/div><!-- .timeline-post-start--><div  class=\"timeline-post odd light-grey-post icons_no  default-skin\"  id=\"story-6779\"><div  data-aos=\"fade-up\" class=\"timeline-meta\"><div class=\"meta-details\">f\u00e9vrier 17<\/div><\/div><div  data-aos=\"fade-up\" class=\"timeline-icon icon-dot-full\"><div class=\"timeline-bar\"><\/div><\/div><div  data-aos=\"fade-up\" class=\"timeline-content clearfix\"><h2 class=\"content-title\">1989<\/h2><div class=\"ctl_info event-description \"><div class=\"content-details\">L&rsquo;entreprise commence \u00e0 participer \u00e0 des projets de recherche europ\u00e9ens. D\u00e9veloppement de produits et de syst\u00e8mes novateurs. L&rsquo;entreprise continue \u00e0 se d\u00e9velopper en termes de taille et de chiffre d\u2019affaires.<\/div><\/div><\/div><!-- timeline content --><\/div><!-- .timeline-post-end --><div  data-aos=\"fade-up\"  class=\"timeline-year scrollable-section\"\r\n\t\t\t\t\t\t\t\tdata-section-title=\"2007\" id=\"clt-2007\">\r\n\t\t\t\t\t\t\t\t<div class=\"icon-placeholder\"><span class=\"ctl-timeline-date\">2007<\/span><\/div>\r\n\t\t\t\t\t\t\t\t<div class=\"timeline-bar\"><\/div>\r\n\t\t\t\t\t\t\t\t<\/div><!-- .timeline-post-start--><div  class=\"timeline-post even light-grey-post icons_no  default-skin\"  id=\"story-6781\"><div  data-aos=\"fade-up\" class=\"timeline-meta\"><div class=\"meta-details\">f\u00e9vrier 17<\/div><\/div><div  data-aos=\"fade-up\" class=\"timeline-icon icon-dot-full\"><div class=\"timeline-bar\"><\/div><\/div><div  data-aos=\"fade-up\" class=\"timeline-content clearfix\"><h2 class=\"content-title\">2007<\/h2><div class=\"ctl_info event-description \"><div class=\"content-details\">Quand Stefaan, fils de Dirk Rotthier, commence \u00e0 travailler chez Frateur &#8211; De Pourcq, l&rsquo;entreprise en est \u00e0 sa sixi\u00e8me g\u00e9n\u00e9ration.<\/div><\/div><\/div><!-- timeline content --><\/div><!-- .timeline-post-end --><div  data-aos=\"fade-up\"  class=\"timeline-year scrollable-section\"\r\n\t\t\t\t\t\t\t\tdata-section-title=\"2008\" id=\"clt-2008\">\r\n\t\t\t\t\t\t\t\t<div class=\"icon-placeholder\"><span class=\"ctl-timeline-date\">2008<\/span><\/div>\r\n\t\t\t\t\t\t\t\t<div class=\"timeline-bar\"><\/div>\r\n\t\t\t\t\t\t\t\t<\/div><!-- .timeline-post-start--><div  class=\"timeline-post odd light-grey-post icons_no  default-skin\"  id=\"story-6783\"><div  data-aos=\"fade-up\" class=\"timeline-meta\"><div class=\"meta-details\">f\u00e9vrier 17<\/div><\/div><div  data-aos=\"fade-up\" class=\"timeline-icon icon-dot-full\"><div class=\"timeline-bar\"><\/div><\/div><div  data-aos=\"fade-up\" class=\"timeline-content clearfix\"><h2 class=\"content-title\">2008<\/h2><div class=\"ctl_info event-description \"><div class=\"full-width\"><a title=\"2008\"  href=\"https:\/\/www.frateurdepourcq.be\/wp-content\/uploads\/2008\/02\/2008-Manilla.jpg\" class=\"ctl_prettyPhoto\"><img width=\"600\" height=\"450\" src=\"https:\/\/www.frateurdepourcq.be\/wp-content\/uploads\/2008\/02\/2008-Manilla.jpg\" class=\"story-img wp-post-image\" alt=\"2008\" decoding=\"async\" loading=\"lazy\" srcset=\"https:\/\/www.frateurdepourcq.be\/wp-content\/uploads\/2008\/02\/2008-Manilla-300x225@2x.jpg 600w, https:\/\/www.frateurdepourcq.be\/wp-content\/uploads\/2008\/02\/2008-Manilla-300x225.jpg 300w\" sizes=\"(max-width: 600px) 100vw, 600px\" \/><\/a><\/div><div class=\"content-details\">FDP devient internationale : elle r\u00e9alise la Ligne\u00a01 du Projet d&rsquo;extension Nord \u00e0 Manilla.<\/div><\/div><\/div><!-- timeline content --><\/div><!-- .timeline-post-end --><div  data-aos=\"fade-up\"  class=\"timeline-year scrollable-section\"\r\n\t\t\t\t\t\t\t\tdata-section-title=\"2009\" id=\"clt-2009\">\r\n\t\t\t\t\t\t\t\t<div class=\"icon-placeholder\"><span class=\"ctl-timeline-date\">2009<\/span><\/div>\r\n\t\t\t\t\t\t\t\t<div class=\"timeline-bar\"><\/div>\r\n\t\t\t\t\t\t\t\t<\/div><!-- .timeline-post-start--><div  class=\"timeline-post even light-grey-post icons_no  default-skin\"  id=\"story-6785\"><div  data-aos=\"fade-up\" class=\"timeline-meta\"><div class=\"meta-details\">f\u00e9vrier 17<\/div><\/div><div  data-aos=\"fade-up\" class=\"timeline-icon icon-dot-full\"><div class=\"timeline-bar\"><\/div><\/div><div  data-aos=\"fade-up\" class=\"timeline-content clearfix\"><h2 class=\"content-title\">2009<\/h2><div class=\"ctl_info event-description \"><div class=\"content-details\">Avec le consortium THV Silvius, FDP remporte son 1er projet PPP Mobilit\u00e9 en Flandre : Brabo\u00a01<\/div><\/div><\/div><!-- timeline content --><\/div><!-- .timeline-post-end --><div  data-aos=\"fade-up\"  class=\"timeline-year scrollable-section\"\r\n\t\t\t\t\t\t\t\tdata-section-title=\"2012\" id=\"clt-2012\">\r\n\t\t\t\t\t\t\t\t<div class=\"icon-placeholder\"><span class=\"ctl-timeline-date\">2012<\/span><\/div>\r\n\t\t\t\t\t\t\t\t<div class=\"timeline-bar\"><\/div>\r\n\t\t\t\t\t\t\t\t<\/div><!-- .timeline-post-start--><div  class=\"timeline-post odd light-grey-post icons_no  default-skin\"  id=\"story-6787\"><div  data-aos=\"fade-up\" class=\"timeline-meta\"><div class=\"meta-details\">f\u00e9vrier 17<\/div><\/div><div  data-aos=\"fade-up\" class=\"timeline-icon icon-dot-full\"><div class=\"timeline-bar\"><\/div><\/div><div  data-aos=\"fade-up\" class=\"timeline-content clearfix\"><h2 class=\"content-title\">2012<\/h2><div class=\"ctl_info event-description \"><div class=\"full-width\"><a title=\"2012\"  href=\"https:\/\/www.frateurdepourcq.be\/wp-content\/uploads\/2017\/02\/11.jpg\" class=\"ctl_prettyPhoto\"><img width=\"700\" height=\"525\" src=\"https:\/\/www.frateurdepourcq.be\/wp-content\/uploads\/2017\/02\/11.jpg\" class=\"story-img wp-post-image\" alt=\"2012\" decoding=\"async\" loading=\"lazy\" srcset=\"https:\/\/www.frateurdepourcq.be\/wp-content\/uploads\/2017\/02\/11.jpg 700w, https:\/\/www.frateurdepourcq.be\/wp-content\/uploads\/2017\/02\/11-300x225.jpg 300w, https:\/\/www.frateurdepourcq.be\/wp-content\/uploads\/2017\/02\/11-627x470.jpg 627w, https:\/\/www.frateurdepourcq.be\/wp-content\/uploads\/2017\/02\/11-300x225@2x.jpg 600w\" sizes=\"(max-width: 700px) 100vw, 700px\" \/><\/a><\/div><div class=\"content-details\">La fille de Dirk Rotthier, Nathalie, vient elle aussi renforcer l\u2019\u00e9quipe et assure ainsi la succession de l\u2019entreprise familiale. Pendant cette m\u00eame p\u00e9riode, nous nous installons dans notre b\u00e2timent enti\u00e8rement r\u00e9nov\u00e9.<\/div><\/div><\/div><!-- timeline content --><\/div><!-- .timeline-post-end --><\/div><div class=\"clearfix\"><\/div><\/div> <\/div><!-- end\r\n\t\t\t================================================== -->\n","protected":false},"excerpt":{"rendered":"La fille de Dirk Rotthier, Nathalie, vient elle aussi renforcer l\u2019\u00e9quipe et assure ainsi la succession de l\u2019entreprise familiale. Pendant cette m\u00eame p\u00e9riode, nous nous installons dans notre b\u00e2timent enti\u00e8rement r\u00e9nov\u00e9.","protected":false},"author":1,"featured_media":0,"parent":0,"menu_order":0,"comment_status":"closed","ping_status":"closed","template":"","meta":[],"_links":{"self":[{"href":"https:\/\/www.frateurdepourcq.be\/fr\/wp-json\/wp\/v2\/pages\/6715"}],"collection":[{"href":"https:\/\/www.frateurdepourcq.be\/fr\/wp-json\/wp\/v2\/pages"}],"about":[{"href":"https:\/\/www.frateurdepourcq.be\/fr\/wp-json\/wp\/v2\/types\/page"}],"author":[{"embeddable":true,"href":"https:\/\/www.frateurdepourcq.be\/fr\/wp-json\/wp\/v2\/users\/1"}],"replies":[{"embeddable":true,"href":"https:\/\/www.frateurdepourcq.be\/fr\/wp-json\/wp\/v2\/comments?post=6715"}],"version-history":[{"count":1,"href":"https:\/\/www.frateurdepourcq.be\/fr\/wp-json\/wp\/v2\/pages\/6715\/revisions"}],"predecessor-version":[{"id":6716,"href":"https:\/\/www.frateurdepourcq.be\/fr\/wp-json\/wp\/v2\/pages\/6715\/revisions\/6716"}],"wp:attachment":[{"href":"https:\/\/www.frateurdepourcq.be\/fr\/wp-json\/wp\/v2\/media?parent=6715"}],"curies":[{"name":"wp","href":"https:\/\/api.w.org\/{rel}","templated":true}]}}